{"id":459,"date":"2023-01-25T12:41:35","date_gmt":"2023-01-25T12:41:35","guid":{"rendered":"https:\/\/irpnordic.com\/?post_type=product&#038;p=459"},"modified":"2025-11-26T07:20:35","modified_gmt":"2025-11-26T07:20:35","slug":"bmw-m52b28-kiertokanget-connecting-rods","status":"publish","type":"product","link":"https:\/\/irpnordic.com\/en\/kauppa\/bmw-m52b28-kiertokanget-connecting-rods\/","title":{"rendered":"IRP KIERTOKANGET, BMW M52B28"},"content":{"rendered":"<div>\n<p>IRP kiertokankisarja parantaa BMW M52B28 -moottorisi suorituskyky\u00e4 ja kest\u00e4vyytt\u00e4. Italian RP kiertokanget valmistetaan nuorrutuster\u00e4ksest\u00e4 ja ovat keve\u00e4mpi\u00e4 kuin useammat markkinoilla olevat kiertokanget. IRP Nordicin tako kiertokanki kest\u00e4\u00e4 voimakkaita iskuja, korkeita l\u00e4mp\u00f6tiloja ja paineita, joita moottorissa syntyy motorsport k\u00e4yt\u00f6ss\u00e4.<\/p>\n<p style=\"font-weight: 400;\"><strong><a href=\"https:\/\/irpnordic.com\/en\/\">IRP NORDICIN<\/a><\/strong><strong>\u00a0<\/strong><strong>nimikkotuotteet valmistetaan\u00a0<a href=\"https:\/\/italianrp.it\/\">Italian RP:n<\/a>\u00a0omalla tehtaalla Italiassa. Tuotteitamme ovat takom\u00e4nn\u00e4t ja -kiertokanget sek\u00e4 kytkimet. Materiaalina k\u00e4ytet\u00e4\u00e4n 100%:sti sertifioitua italialaista ter\u00e4st\u00e4 ja alumiinia. Kiertokanget valmistetaan nuorrutuster\u00e4ksest\u00e4. Takom\u00e4nn\u00e4t valmistetaan 2618 alumiinista. Italian RP valitsee aina parhaat materiaalit ja teknologiat, jotta voidaan tarjota asiakkaille tuotteet, joissa on paras mahdollinen suorituskyky ja kest\u00e4vyys. Tuotantoprosessissa k\u00e4ytet\u00e4\u00e4n vain viimeisint\u00e4 sukupolvea olevia 5-akselisia CNC-koneita, jotka ovat t\u00e4ysin automatisoituja. T\u00e4m\u00e4 mahdollistaa Italian teollisuuden 4.0 luokituksen.<\/strong><\/p>\n<\/div>\n<div><\/div>\n<div>\n<p>&nbsp;<\/p>\n<\/div>","protected":false},"excerpt":{"rendered":"<p style=\"font-weight: 400;\"><strong>Kiertokankisarja: kankia 6kpl, pultit 12kpl<\/strong><\/p>\n<div>\n<p><span lang=\"EN-US\">Tako kiertokanki valmistetaan 100% Italialaisesta ter\u00e4ksest\u00e4<br \/>\nN\u00b0 OF CYL \/ Kanki kpl: 6kpl<br \/>\nBig end diameter \/ Alasilm\u00e4\u00a0<strong>\u00d8<\/strong>: 48.000<br \/>\nG\/Pin diameter \/ M\u00e4nn\u00e4n tapin<span class=\"apple-converted-space\">\u00a0<\/span><strong>\u00d8<\/strong>: 20.000<br \/>\nBetween centers \/ Kangen pituus (mm): 140.000<br \/>\nBig end width \/ Alasilm\u00e4n leveys: 21.900<br \/>\nPultit: ARP 2000 3\/8&#8243;<br \/>\nLine: Silver (tilattavissa Gold, Platinium)<\/span><\/p>\n<h4><strong>Toimitusaika 30-60 p\u00e4iv\u00e4\u00e4.<\/strong><\/h4>\n<\/div>\n<p class=\"product-title product_title entry-title\"><a href=\"https:\/\/irpnordic.com\/en\/kauppa\/bmw-m52b28-mantasarja-piston-set\/\">IRP TAKOM\u00c4NT\u00c4SARJA, BMW M52B28 P\u00c4\u00c4SET TUTUSTUMAAN T\u00c4ST\u00c4<\/a><\/p>\n<p style=\"font-weight: 400;\">","protected":false},"featured_media":876,"template":"","meta":[],"product_brand":[],"product_cat":[146,138,191,194],"product_tag":[],"class_list":{"0":"post-459","1":"product","2":"type-product","3":"status-publish","4":"has-post-thumbnail","6":"product_cat-bmw","7":"product_cat-irp-kiertokanget","8":"product_cat-m52b25","9":"product_cat-m52b28","11":"first","12":"instock","13":"taxable","14":"shipping-taxable","15":"purchasable","16":"product-type-variable"},"yoast_head":"<!-- This site is optimized with the Yoast SEO Premium plugin v27.5 (Yoast SEO v27.5) - https:\/\/yoast.com\/product\/yoast-seo-premium-wordpress\/ -->\n<title>IRP KIERTOKANGET, BMW M52B28 - IRP Nordic<\/title>\n<meta name=\"description\" content=\"IRP kiertokankisarja parantaa BMW M52B28 -moottorisi suorituskyky\u00e4 ja kest\u00e4vyytt\u00e4. Italian RP tako kiertokanget valmistetaan nuorrutuster\u00e4ksest\u00e4 ja ovat keve\u00e4mpi\u00e4 kuin useammat markkinoilla olevat kiertokanget. IRP Nordicin tako kiertokanki kest\u00e4\u00e4 voimakkaita iskuja, korkeita l\u00e4mp\u00f6tiloja ja paineita, joita moottorissa syntyy motorsport k\u00e4yt\u00f6ss\u00e4.\" \/>\n<meta name=\"robots\" content=\"index, follow, max-snippet:-1, max-image-preview:large, max-video-preview:-1\" \/>\n<link rel=\"canonical\" href=\"https:\/\/irpnordic.com\/en\/kauppa\/bmw-m52b28-kiertokanget-connecting-rods\/\" \/>\n<meta property=\"og:locale\" content=\"en_GB\" \/>\n<meta property=\"og:type\" content=\"article\" \/>\n<meta property=\"og:title\" content=\"IRP KIERTOKANGET, BMW M52B28\" \/>\n<meta property=\"og:description\" content=\"IRP kiertokankisarja parantaa BMW M52B28 -moottorisi suorituskyky\u00e4 ja kest\u00e4vyytt\u00e4. Italian RP tako kiertokanget valmistetaan nuorrutuster\u00e4ksest\u00e4 ja ovat keve\u00e4mpi\u00e4 kuin useammat markkinoilla olevat kiertokanget. IRP Nordicin tako kiertokanki kest\u00e4\u00e4 voimakkaita iskuja, korkeita l\u00e4mp\u00f6tiloja ja paineita, joita moottorissa syntyy motorsport k\u00e4yt\u00f6ss\u00e4.\" \/>\n<meta property=\"og:url\" content=\"https:\/\/irpnordic.com\/en\/kauppa\/bmw-m52b28-kiertokanget-connecting-rods\/\" \/>\n<meta property=\"og:site_name\" content=\"IRP Nordic\" \/>\n<meta property=\"article:publisher\" content=\"https:\/\/www.facebook.com\/IRPNORDIC\/\" \/>\n<meta property=\"article:modified_time\" content=\"2025-11-26T07:20:35+00:00\" \/>\n<meta property=\"og:image\" content=\"https:\/\/irpnordic.com\/wp-content\/uploads\/2023\/01\/bmw_n52b28_kiertokanget_silver_irpnordic_com_1.png\" \/>\n\t<meta property=\"og:image:width\" content=\"800\" \/>\n\t<meta property=\"og:image:height\" content=\"800\" \/>\n\t<meta property=\"og:image:type\" content=\"image\/png\" \/>\n<meta name=\"twitter:card\" content=\"summary_large_image\" \/>\n<meta name=\"twitter:label1\" content=\"Estimated reading time\" \/>\n\t<meta name=\"twitter:data1\" content=\"1 minute\" \/>\n<script type=\"application\/ld+json\" class=\"yoast-schema-graph\">{\"@context\":\"https:\\\/\\\/schema.org\",\"@graph\":[{\"@type\":\"WebPage\",\"@id\":\"https:\\\/\\\/irpnordic.com\\\/kauppa\\\/bmw-m52b28-kiertokanget-connecting-rods\\\/\",\"url\":\"https:\\\/\\\/irpnordic.com\\\/kauppa\\\/bmw-m52b28-kiertokanget-connecting-rods\\\/\",\"name\":\"IRP KIERTOKANGET, BMW M52B28 - IRP Nordic\",\"isPartOf\":{\"@id\":\"https:\\\/\\\/irpnordic.com\\\/en\\\/#website\"},\"primaryImageOfPage\":{\"@id\":\"https:\\\/\\\/irpnordic.com\\\/kauppa\\\/bmw-m52b28-kiertokanget-connecting-rods\\\/#primaryimage\"},\"image\":{\"@id\":\"https:\\\/\\\/irpnordic.com\\\/kauppa\\\/bmw-m52b28-kiertokanget-connecting-rods\\\/#primaryimage\"},\"thumbnailUrl\":\"https:\\\/\\\/irpnordic.com\\\/wp-content\\\/uploads\\\/2023\\\/01\\\/bmw_n52b28_kiertokanget_silver_irpnordic_com_1.png\",\"datePublished\":\"2023-01-25T12:41:35+00:00\",\"dateModified\":\"2025-11-26T07:20:35+00:00\",\"description\":\"IRP kiertokankisarja parantaa BMW M52B28 -moottorisi suorituskyky\u00e4 ja kest\u00e4vyytt\u00e4. Italian RP tako kiertokanget valmistetaan nuorrutuster\u00e4ksest\u00e4 ja ovat keve\u00e4mpi\u00e4 kuin useammat markkinoilla olevat kiertokanget. IRP Nordicin tako kiertokanki kest\u00e4\u00e4 voimakkaita iskuja, korkeita l\u00e4mp\u00f6tiloja ja paineita, joita moottorissa syntyy motorsport k\u00e4yt\u00f6ss\u00e4.\",\"breadcrumb\":{\"@id\":\"https:\\\/\\\/irpnordic.com\\\/kauppa\\\/bmw-m52b28-kiertokanget-connecting-rods\\\/#breadcrumb\"},\"inLanguage\":\"en-GB\",\"potentialAction\":[{\"@type\":\"ReadAction\",\"target\":[\"https:\\\/\\\/irpnordic.com\\\/kauppa\\\/bmw-m52b28-kiertokanget-connecting-rods\\\/\"]}]},{\"@type\":\"ImageObject\",\"inLanguage\":\"en-GB\",\"@id\":\"https:\\\/\\\/irpnordic.com\\\/kauppa\\\/bmw-m52b28-kiertokanget-connecting-rods\\\/#primaryimage\",\"url\":\"https:\\\/\\\/irpnordic.com\\\/wp-content\\\/uploads\\\/2023\\\/01\\\/bmw_n52b28_kiertokanget_silver_irpnordic_com_1.png\",\"contentUrl\":\"https:\\\/\\\/irpnordic.com\\\/wp-content\\\/uploads\\\/2023\\\/01\\\/bmw_n52b28_kiertokanget_silver_irpnordic_com_1.png\",\"width\":800,\"height\":800,\"caption\":\"IRP nordic BMW M52B28 takokiertokanki. Takokiertokanget, kiertokanget, kiertokankisarjat ja muut osat moottoriurheiluun\"},{\"@type\":\"BreadcrumbList\",\"@id\":\"https:\\\/\\\/irpnordic.com\\\/kauppa\\\/bmw-m52b28-kiertokanget-connecting-rods\\\/#breadcrumb\",\"itemListElement\":[{\"@type\":\"ListItem\",\"position\":1,\"name\":\"Etusivu\",\"item\":\"https:\\\/\\\/irpnordic.com\\\/\"},{\"@type\":\"ListItem\",\"position\":2,\"name\":\"Verkkokauppa\",\"item\":\"https:\\\/\\\/irpnordic.com\\\/verkkokauppa\\\/\"},{\"@type\":\"ListItem\",\"position\":3,\"name\":\"IRP KIERTOKANGET, BMW M52B28\"}]},{\"@type\":\"WebSite\",\"@id\":\"https:\\\/\\\/irpnordic.com\\\/en\\\/#website\",\"url\":\"https:\\\/\\\/irpnordic.com\\\/en\\\/\",\"name\":\"IRP Nordic\",\"description\":\"Laadukkaat takom\u00e4nn\u00e4t,kiertokanget ja muut osat moottoriurheiluun\",\"publisher\":{\"@id\":\"https:\\\/\\\/irpnordic.com\\\/en\\\/#organization\"},\"potentialAction\":[{\"@type\":\"SearchAction\",\"target\":{\"@type\":\"EntryPoint\",\"urlTemplate\":\"https:\\\/\\\/irpnordic.com\\\/en\\\/?s={search_term_string}\"},\"query-input\":{\"@type\":\"PropertyValueSpecification\",\"valueRequired\":true,\"valueName\":\"search_term_string\"}}],\"inLanguage\":\"en-GB\"},{\"@type\":\"Organization\",\"@id\":\"https:\\\/\\\/irpnordic.com\\\/en\\\/#organization\",\"name\":\"IRP Nordic\",\"url\":\"https:\\\/\\\/irpnordic.com\\\/en\\\/\",\"logo\":{\"@type\":\"ImageObject\",\"inLanguage\":\"en-GB\",\"@id\":\"https:\\\/\\\/irpnordic.com\\\/en\\\/#\\\/schema\\\/logo\\\/image\\\/\",\"url\":\"https:\\\/\\\/irpnordic.com\\\/wp-content\\\/uploads\\\/2023\\\/01\\\/IRPNordic_takomannat_kiertokanget_connectingrods_forgedpistongs_logo.png\",\"contentUrl\":\"https:\\\/\\\/irpnordic.com\\\/wp-content\\\/uploads\\\/2023\\\/01\\\/IRPNordic_takomannat_kiertokanget_connectingrods_forgedpistongs_logo.png\",\"width\":1018,\"height\":198,\"caption\":\"IRP Nordic\"},\"image\":{\"@id\":\"https:\\\/\\\/irpnordic.com\\\/en\\\/#\\\/schema\\\/logo\\\/image\\\/\"},\"sameAs\":[\"https:\\\/\\\/www.facebook.com\\\/IRPNORDIC\\\/\",\"https:\\\/\\\/www.instagram.com\\\/irpnordic\",\"https:\\\/\\\/www.tiktok.com\\\/@irpnordic.com\"]}]}<\/script>\n<!-- \/ Yoast SEO Premium plugin. -->","yoast_head_json":{"title":"IRP KIERTOKANGET, BMW M52B28 - IRP Nordic","description":"IRP kiertokankisarja parantaa BMW M52B28 -moottorisi suorituskyky\u00e4 ja kest\u00e4vyytt\u00e4. Italian RP tako kiertokanget valmistetaan nuorrutuster\u00e4ksest\u00e4 ja ovat keve\u00e4mpi\u00e4 kuin useammat markkinoilla olevat kiertokanget. IRP Nordicin tako kiertokanki kest\u00e4\u00e4 voimakkaita iskuja, korkeita l\u00e4mp\u00f6tiloja ja paineita, joita moottorissa syntyy motorsport k\u00e4yt\u00f6ss\u00e4.","robots":{"index":"index","follow":"follow","max-snippet":"max-snippet:-1","max-image-preview":"max-image-preview:large","max-video-preview":"max-video-preview:-1"},"canonical":"https:\/\/irpnordic.com\/en\/kauppa\/bmw-m52b28-kiertokanget-connecting-rods\/","og_locale":"en_GB","og_type":"article","og_title":"IRP KIERTOKANGET, BMW M52B28","og_description":"IRP kiertokankisarja parantaa BMW M52B28 -moottorisi suorituskyky\u00e4 ja kest\u00e4vyytt\u00e4. Italian RP tako kiertokanget valmistetaan nuorrutuster\u00e4ksest\u00e4 ja ovat keve\u00e4mpi\u00e4 kuin useammat markkinoilla olevat kiertokanget. IRP Nordicin tako kiertokanki kest\u00e4\u00e4 voimakkaita iskuja, korkeita l\u00e4mp\u00f6tiloja ja paineita, joita moottorissa syntyy motorsport k\u00e4yt\u00f6ss\u00e4.","og_url":"https:\/\/irpnordic.com\/en\/kauppa\/bmw-m52b28-kiertokanget-connecting-rods\/","og_site_name":"IRP Nordic","article_publisher":"https:\/\/www.facebook.com\/IRPNORDIC\/","article_modified_time":"2025-11-26T07:20:35+00:00","og_image":[{"width":800,"height":800,"url":"https:\/\/irpnordic.com\/wp-content\/uploads\/2023\/01\/bmw_n52b28_kiertokanget_silver_irpnordic_com_1.png","type":"image\/png"}],"twitter_card":"summary_large_image","twitter_misc":{"Estimated reading time":"1 minute"},"schema":{"@context":"https:\/\/schema.org","@graph":[{"@type":"WebPage","@id":"https:\/\/irpnordic.com\/kauppa\/bmw-m52b28-kiertokanget-connecting-rods\/","url":"https:\/\/irpnordic.com\/kauppa\/bmw-m52b28-kiertokanget-connecting-rods\/","name":"IRP KIERTOKANGET, BMW M52B28 - IRP Nordic","isPartOf":{"@id":"https:\/\/irpnordic.com\/en\/#website"},"primaryImageOfPage":{"@id":"https:\/\/irpnordic.com\/kauppa\/bmw-m52b28-kiertokanget-connecting-rods\/#primaryimage"},"image":{"@id":"https:\/\/irpnordic.com\/kauppa\/bmw-m52b28-kiertokanget-connecting-rods\/#primaryimage"},"thumbnailUrl":"https:\/\/irpnordic.com\/wp-content\/uploads\/2023\/01\/bmw_n52b28_kiertokanget_silver_irpnordic_com_1.png","datePublished":"2023-01-25T12:41:35+00:00","dateModified":"2025-11-26T07:20:35+00:00","description":"IRP kiertokankisarja parantaa BMW M52B28 -moottorisi suorituskyky\u00e4 ja kest\u00e4vyytt\u00e4. Italian RP tako kiertokanget valmistetaan nuorrutuster\u00e4ksest\u00e4 ja ovat keve\u00e4mpi\u00e4 kuin useammat markkinoilla olevat kiertokanget. IRP Nordicin tako kiertokanki kest\u00e4\u00e4 voimakkaita iskuja, korkeita l\u00e4mp\u00f6tiloja ja paineita, joita moottorissa syntyy motorsport k\u00e4yt\u00f6ss\u00e4.","breadcrumb":{"@id":"https:\/\/irpnordic.com\/kauppa\/bmw-m52b28-kiertokanget-connecting-rods\/#breadcrumb"},"inLanguage":"en-GB","potentialAction":[{"@type":"ReadAction","target":["https:\/\/irpnordic.com\/kauppa\/bmw-m52b28-kiertokanget-connecting-rods\/"]}]},{"@type":"ImageObject","inLanguage":"en-GB","@id":"https:\/\/irpnordic.com\/kauppa\/bmw-m52b28-kiertokanget-connecting-rods\/#primaryimage","url":"https:\/\/irpnordic.com\/wp-content\/uploads\/2023\/01\/bmw_n52b28_kiertokanget_silver_irpnordic_com_1.png","contentUrl":"https:\/\/irpnordic.com\/wp-content\/uploads\/2023\/01\/bmw_n52b28_kiertokanget_silver_irpnordic_com_1.png","width":800,"height":800,"caption":"IRP nordic BMW M52B28 takokiertokanki. Takokiertokanget, kiertokanget, kiertokankisarjat ja muut osat moottoriurheiluun"},{"@type":"BreadcrumbList","@id":"https:\/\/irpnordic.com\/kauppa\/bmw-m52b28-kiertokanget-connecting-rods\/#breadcrumb","itemListElement":[{"@type":"ListItem","position":1,"name":"Etusivu","item":"https:\/\/irpnordic.com\/"},{"@type":"ListItem","position":2,"name":"Verkkokauppa","item":"https:\/\/irpnordic.com\/verkkokauppa\/"},{"@type":"ListItem","position":3,"name":"IRP KIERTOKANGET, BMW M52B28"}]},{"@type":"WebSite","@id":"https:\/\/irpnordic.com\/en\/#website","url":"https:\/\/irpnordic.com\/en\/","name":"IRP Nordic","description":"Laadukkaat takom\u00e4nn\u00e4t,kiertokanget ja muut osat moottoriurheiluun","publisher":{"@id":"https:\/\/irpnordic.com\/en\/#organization"},"potentialAction":[{"@type":"SearchAction","target":{"@type":"EntryPoint","urlTemplate":"https:\/\/irpnordic.com\/en\/?s={search_term_string}"},"query-input":{"@type":"PropertyValueSpecification","valueRequired":true,"valueName":"search_term_string"}}],"inLanguage":"en-GB"},{"@type":"Organization","@id":"https:\/\/irpnordic.com\/en\/#organization","name":"IRP Nordic","url":"https:\/\/irpnordic.com\/en\/","logo":{"@type":"ImageObject","inLanguage":"en-GB","@id":"https:\/\/irpnordic.com\/en\/#\/schema\/logo\/image\/","url":"https:\/\/irpnordic.com\/wp-content\/uploads\/2023\/01\/IRPNordic_takomannat_kiertokanget_connectingrods_forgedpistongs_logo.png","contentUrl":"https:\/\/irpnordic.com\/wp-content\/uploads\/2023\/01\/IRPNordic_takomannat_kiertokanget_connectingrods_forgedpistongs_logo.png","width":1018,"height":198,"caption":"IRP Nordic"},"image":{"@id":"https:\/\/irpnordic.com\/en\/#\/schema\/logo\/image\/"},"sameAs":["https:\/\/www.facebook.com\/IRPNORDIC\/","https:\/\/www.instagram.com\/irpnordic","https:\/\/www.tiktok.com\/@irpnordic.com"]}]}},"_links":{"self":[{"href":"https:\/\/irpnordic.com\/en\/wp-json\/wp\/v2\/product\/459","targetHints":{"allow":["GET"]}}],"collection":[{"href":"https:\/\/irpnordic.com\/en\/wp-json\/wp\/v2\/product"}],"about":[{"href":"https:\/\/irpnordic.com\/en\/wp-json\/wp\/v2\/types\/product"}],"wp:featuredmedia":[{"embeddable":true,"href":"https:\/\/irpnordic.com\/en\/wp-json\/wp\/v2\/media\/876"}],"wp:attachment":[{"href":"https:\/\/irpnordic.com\/en\/wp-json\/wp\/v2\/media?parent=459"}],"wp:term":[{"taxonomy":"product_brand","embeddable":true,"href":"https:\/\/irpnordic.com\/en\/wp-json\/wp\/v2\/product_brand?post=459"},{"taxonomy":"product_cat","embeddable":true,"href":"https:\/\/irpnordic.com\/en\/wp-json\/wp\/v2\/product_cat?post=459"},{"taxonomy":"product_tag","embeddable":true,"href":"https:\/\/irpnordic.com\/en\/wp-json\/wp\/v2\/product_tag?post=459"}],"curies":[{"name":"wp","href":"https:\/\/api.w.org\/{rel}","templated":true}]}}