{"id":916,"date":"2023-06-15T15:33:24","date_gmt":"2023-06-15T15:33:24","guid":{"rendered":"https:\/\/irpnordic.com\/?post_type=product&#038;p=916"},"modified":"2025-10-09T12:41:33","modified_gmt":"2025-10-09T12:41:33","slug":"vanospyora-vvt-exhoast-bmw-n54b30-n53b30","status":"publish","type":"product","link":"https:\/\/irpnordic.com\/en\/kauppa\/vanospyora-vvt-exhoast-bmw-n54b30-n53b30\/","title":{"rendered":"VANOSPY\u00d6R\u00c4 VVT EXHOAST, BMW N54B30 \/ N53B30"},"content":{"rendered":"<div>\n<p data-start=\"295\" data-end=\"606\"><a href=\"https:\/\/irpnordic.com\/en\/kauppa\/\">IRP Nordic<\/a> Vanos VVT -pakonokan hammaspy\u00f6r\u00e4 on suunniteltu <a href=\"https:\/\/irpnordic.com\/en\/product-category\/bmw\/\">BMW<\/a> N54B30- ja N53B30-moottoreiden optimaaliseen ajoituss\u00e4\u00e4t\u00f6\u00f6n. Se s\u00e4\u00e4t\u00e4\u00e4 pakonokka-akselin ajoitusta moottorin ohjauksen mukaisesti, varmistaen tehokkaan pakokaasujen poiston ja parhaan mahdollisen suorituskyvyn koko kierrosalueella.<\/p>\n<p data-start=\"608\" data-end=\"973\">Korkealaatuinen rakenne ja tarkka koneistus takaavat tarkan ajoituksen, kest\u00e4vyyden ja luotettavuuden. Vanospy\u00f6r\u00e4t kuluvat k\u00e4yt\u00f6ss\u00e4, joten niiden vaihto on suositeltavaa uutta moottoria kasattaessa \u2013 erityisesti kilpa- ja viritysk\u00e4yt\u00f6ss\u00e4, jossa ajoitustarkkuus on kriittinen. Kulunut tai vaurioitunut vanospy\u00f6r\u00e4 voi johtaa ajoitusvirheisiin ja moottorivaurioihin.<\/p>\n<p data-start=\"975\" data-end=\"997\"><strong data-start=\"975\" data-end=\"995\">Tekniset tiedot:<\/strong><\/p>\n<ul data-start=\"998\" data-end=\"1246\">\n<li data-start=\"998\" data-end=\"1031\">\n<p data-start=\"1000\" data-end=\"1031\">Sopivuus: <a href=\"https:\/\/irpnordic.com\/en\/product-category\/bmw\/\">BMW N54B30<\/a> \/ N53B30<\/p>\n<\/li>\n<li data-start=\"1032\" data-end=\"1094\">\n<p data-start=\"1034\" data-end=\"1094\">Toiminto: pakonokka-akselin ajoituksen s\u00e4\u00e4t\u00f6 (ECU-ohjattu)<\/p>\n<\/li>\n<li data-start=\"1095\" data-end=\"1146\">\n<p data-start=\"1097\" data-end=\"1146\">K\u00e4ytt\u00f6kohteet: katu- ja motrosport k\u00e4ytt\u00f6\u00f6n<\/p>\n<\/li>\n<li data-start=\"1147\" data-end=\"1208\">\n<p data-start=\"1149\" data-end=\"1208\">Suositellaan uusittavaksi moottorin kokoamisen yhteydess\u00e4<\/p>\n<\/li>\n<li data-start=\"1209\" data-end=\"1246\">\n<p data-start=\"1211\" data-end=\"1246\">Tarkka ajoitus ja kest\u00e4v\u00e4 rakenne<\/p>\n<\/li>\n<\/ul>\n<\/div>\n<div>\n<p>&nbsp;<\/p>\n<\/div>","protected":false},"excerpt":{"rendered":"<p>VANOSPY\u00d6R\u00c4 VVT EXHAUST \u2013 pakonokan hammaspy\u00f6r\u00e4 BMW N54B30 \/ N53B30 -moottoreihin.<br data-start=\"155\" data-end=\"158\" \/>S\u00e4\u00e4t\u00e4\u00e4 nokka-akselin ajoitusta ECU:n ohjaamana eri kierrosluvuilla.<\/p>","protected":false},"featured_media":1044,"template":"","meta":[],"product_brand":[],"product_cat":[146,16,208,220,175,172,165],"product_tag":[],"class_list":{"0":"post-916","1":"product","2":"type-product","3":"status-publish","4":"has-post-thumbnail","6":"product_cat-bmw","7":"product_cat-moottoreiden-viritysosat","8":"product_cat-muut-moottorin-osat","9":"product_cat-n-moottorit","10":"product_cat-n54","11":"product_cat-n54b30","12":"product_cat-vanokset","14":"first","15":"instock","16":"taxable","17":"shipping-taxable","18":"purchasable","19":"product-type-simple"},"yoast_head":"<!-- This site is optimized with the Yoast SEO Premium plugin v27.5 (Yoast SEO v27.5) - https:\/\/yoast.com\/product\/yoast-seo-premium-wordpress\/ -->\n<title>VANOSPY\u00d6R\u00c4 VVT EXHOAST, BMW N54B30 \/ N53B30 - IRP Nordic<\/title>\n<meta name=\"description\" content=\"Pakonokan hammaspy\u00f6r\u00e4 BMW N54B30 \/ N53B30 -moottoreihin. S\u00e4\u00e4t\u00e4\u00e4 nokka-akselin ajoitusta ECU:n ohjaamana eri kierrosluvuilla.\" \/>\n<meta name=\"robots\" content=\"index, follow, max-snippet:-1, max-image-preview:large, max-video-preview:-1\" \/>\n<link rel=\"canonical\" href=\"https:\/\/irpnordic.com\/en\/kauppa\/vanospyora-vvt-exhoast-bmw-n54b30-n53b30\/\" \/>\n<meta property=\"og:locale\" content=\"en_GB\" \/>\n<meta property=\"og:type\" content=\"article\" \/>\n<meta property=\"og:title\" content=\"VANOSPY\u00d6R\u00c4 VVT EXHOAST, BMW N54B30 \/ N53B30\" \/>\n<meta property=\"og:description\" content=\"Pakonokan hammaspy\u00f6r\u00e4 BMW N54B30 \/ N53B30 -moottoreihin. S\u00e4\u00e4t\u00e4\u00e4 nokka-akselin ajoitusta ECU:n ohjaamana eri kierrosluvuilla.\" \/>\n<meta property=\"og:url\" content=\"https:\/\/irpnordic.com\/en\/kauppa\/vanospyora-vvt-exhoast-bmw-n54b30-n53b30\/\" \/>\n<meta property=\"og:site_name\" content=\"IRP Nordic\" \/>\n<meta property=\"article:publisher\" content=\"https:\/\/www.facebook.com\/IRPNORDIC\/\" \/>\n<meta property=\"article:modified_time\" content=\"2025-10-09T12:41:33+00:00\" \/>\n<meta property=\"og:image\" content=\"https:\/\/irpnordic.com\/wp-content\/uploads\/2023\/06\/bmw-n54-vanos-vvt-ex.png\" \/>\n\t<meta property=\"og:image:width\" content=\"800\" \/>\n\t<meta property=\"og:image:height\" content=\"800\" \/>\n\t<meta property=\"og:image:type\" content=\"image\/png\" \/>\n<meta name=\"twitter:card\" content=\"summary_large_image\" \/>\n<meta name=\"twitter:label1\" content=\"Estimated reading time\" \/>\n\t<meta name=\"twitter:data1\" content=\"1 minute\" \/>\n<script type=\"application\/ld+json\" class=\"yoast-schema-graph\">{\"@context\":\"https:\\\/\\\/schema.org\",\"@graph\":[{\"@type\":\"WebPage\",\"@id\":\"https:\\\/\\\/irpnordic.com\\\/kauppa\\\/vanospyora-vvt-exhoast-bmw-n54b30-n53b30\\\/\",\"url\":\"https:\\\/\\\/irpnordic.com\\\/kauppa\\\/vanospyora-vvt-exhoast-bmw-n54b30-n53b30\\\/\",\"name\":\"VANOSPY\u00d6R\u00c4 VVT EXHOAST, BMW N54B30 \\\/ N53B30 - IRP Nordic\",\"isPartOf\":{\"@id\":\"https:\\\/\\\/irpnordic.com\\\/en\\\/#website\"},\"primaryImageOfPage\":{\"@id\":\"https:\\\/\\\/irpnordic.com\\\/kauppa\\\/vanospyora-vvt-exhoast-bmw-n54b30-n53b30\\\/#primaryimage\"},\"image\":{\"@id\":\"https:\\\/\\\/irpnordic.com\\\/kauppa\\\/vanospyora-vvt-exhoast-bmw-n54b30-n53b30\\\/#primaryimage\"},\"thumbnailUrl\":\"https:\\\/\\\/irpnordic.com\\\/wp-content\\\/uploads\\\/2023\\\/06\\\/bmw-n54-vanos-vvt-ex.png\",\"datePublished\":\"2023-06-15T15:33:24+00:00\",\"dateModified\":\"2025-10-09T12:41:33+00:00\",\"description\":\"Pakonokan hammaspy\u00f6r\u00e4 BMW N54B30 \\\/ N53B30 -moottoreihin. S\u00e4\u00e4t\u00e4\u00e4 nokka-akselin ajoitusta ECU:n ohjaamana eri kierrosluvuilla.\",\"breadcrumb\":{\"@id\":\"https:\\\/\\\/irpnordic.com\\\/kauppa\\\/vanospyora-vvt-exhoast-bmw-n54b30-n53b30\\\/#breadcrumb\"},\"inLanguage\":\"en-GB\",\"potentialAction\":[{\"@type\":\"ReadAction\",\"target\":[\"https:\\\/\\\/irpnordic.com\\\/kauppa\\\/vanospyora-vvt-exhoast-bmw-n54b30-n53b30\\\/\"]}]},{\"@type\":\"ImageObject\",\"inLanguage\":\"en-GB\",\"@id\":\"https:\\\/\\\/irpnordic.com\\\/kauppa\\\/vanospyora-vvt-exhoast-bmw-n54b30-n53b30\\\/#primaryimage\",\"url\":\"https:\\\/\\\/irpnordic.com\\\/wp-content\\\/uploads\\\/2023\\\/06\\\/bmw-n54-vanos-vvt-ex.png\",\"contentUrl\":\"https:\\\/\\\/irpnordic.com\\\/wp-content\\\/uploads\\\/2023\\\/06\\\/bmw-n54-vanos-vvt-ex.png\",\"width\":800,\"height\":800,\"caption\":\"VANOSPY\u00d6R\u00c4 VVT EXHAUST\"},{\"@type\":\"BreadcrumbList\",\"@id\":\"https:\\\/\\\/irpnordic.com\\\/kauppa\\\/vanospyora-vvt-exhoast-bmw-n54b30-n53b30\\\/#breadcrumb\",\"itemListElement\":[{\"@type\":\"ListItem\",\"position\":1,\"name\":\"Etusivu\",\"item\":\"https:\\\/\\\/irpnordic.com\\\/\"},{\"@type\":\"ListItem\",\"position\":2,\"name\":\"Verkkokauppa\",\"item\":\"https:\\\/\\\/irpnordic.com\\\/verkkokauppa\\\/\"},{\"@type\":\"ListItem\",\"position\":3,\"name\":\"VANOSPY\u00d6R\u00c4 VVT EXHOAST, BMW N54B30 \\\/ N53B30\"}]},{\"@type\":\"WebSite\",\"@id\":\"https:\\\/\\\/irpnordic.com\\\/en\\\/#website\",\"url\":\"https:\\\/\\\/irpnordic.com\\\/en\\\/\",\"name\":\"IRP Nordic\",\"description\":\"Laadukkaat takom\u00e4nn\u00e4t,kiertokanget ja muut osat moottoriurheiluun\",\"publisher\":{\"@id\":\"https:\\\/\\\/irpnordic.com\\\/en\\\/#organization\"},\"potentialAction\":[{\"@type\":\"SearchAction\",\"target\":{\"@type\":\"EntryPoint\",\"urlTemplate\":\"https:\\\/\\\/irpnordic.com\\\/en\\\/?s={search_term_string}\"},\"query-input\":{\"@type\":\"PropertyValueSpecification\",\"valueRequired\":true,\"valueName\":\"search_term_string\"}}],\"inLanguage\":\"en-GB\"},{\"@type\":\"Organization\",\"@id\":\"https:\\\/\\\/irpnordic.com\\\/en\\\/#organization\",\"name\":\"IRP Nordic\",\"url\":\"https:\\\/\\\/irpnordic.com\\\/en\\\/\",\"logo\":{\"@type\":\"ImageObject\",\"inLanguage\":\"en-GB\",\"@id\":\"https:\\\/\\\/irpnordic.com\\\/en\\\/#\\\/schema\\\/logo\\\/image\\\/\",\"url\":\"https:\\\/\\\/irpnordic.com\\\/wp-content\\\/uploads\\\/2023\\\/01\\\/IRPNordic_takomannat_kiertokanget_connectingrods_forgedpistongs_logo.png\",\"contentUrl\":\"https:\\\/\\\/irpnordic.com\\\/wp-content\\\/uploads\\\/2023\\\/01\\\/IRPNordic_takomannat_kiertokanget_connectingrods_forgedpistongs_logo.png\",\"width\":1018,\"height\":198,\"caption\":\"IRP Nordic\"},\"image\":{\"@id\":\"https:\\\/\\\/irpnordic.com\\\/en\\\/#\\\/schema\\\/logo\\\/image\\\/\"},\"sameAs\":[\"https:\\\/\\\/www.facebook.com\\\/IRPNORDIC\\\/\",\"https:\\\/\\\/www.instagram.com\\\/irpnordic\",\"https:\\\/\\\/www.tiktok.com\\\/@irpnordic.com\"]}]}<\/script>\n<!-- \/ Yoast SEO Premium plugin. -->","yoast_head_json":{"title":"VANOSPY\u00d6R\u00c4 VVT EXHOAST, BMW N54B30 \/ N53B30 - IRP Nordic","description":"Pakonokan hammaspy\u00f6r\u00e4 BMW N54B30 \/ N53B30 -moottoreihin. S\u00e4\u00e4t\u00e4\u00e4 nokka-akselin ajoitusta ECU:n ohjaamana eri kierrosluvuilla.","robots":{"index":"index","follow":"follow","max-snippet":"max-snippet:-1","max-image-preview":"max-image-preview:large","max-video-preview":"max-video-preview:-1"},"canonical":"https:\/\/irpnordic.com\/en\/kauppa\/vanospyora-vvt-exhoast-bmw-n54b30-n53b30\/","og_locale":"en_GB","og_type":"article","og_title":"VANOSPY\u00d6R\u00c4 VVT EXHOAST, BMW N54B30 \/ N53B30","og_description":"Pakonokan hammaspy\u00f6r\u00e4 BMW N54B30 \/ N53B30 -moottoreihin. S\u00e4\u00e4t\u00e4\u00e4 nokka-akselin ajoitusta ECU:n ohjaamana eri kierrosluvuilla.","og_url":"https:\/\/irpnordic.com\/en\/kauppa\/vanospyora-vvt-exhoast-bmw-n54b30-n53b30\/","og_site_name":"IRP Nordic","article_publisher":"https:\/\/www.facebook.com\/IRPNORDIC\/","article_modified_time":"2025-10-09T12:41:33+00:00","og_image":[{"width":800,"height":800,"url":"https:\/\/irpnordic.com\/wp-content\/uploads\/2023\/06\/bmw-n54-vanos-vvt-ex.png","type":"image\/png"}],"twitter_card":"summary_large_image","twitter_misc":{"Estimated reading time":"1 minute"},"schema":{"@context":"https:\/\/schema.org","@graph":[{"@type":"WebPage","@id":"https:\/\/irpnordic.com\/kauppa\/vanospyora-vvt-exhoast-bmw-n54b30-n53b30\/","url":"https:\/\/irpnordic.com\/kauppa\/vanospyora-vvt-exhoast-bmw-n54b30-n53b30\/","name":"VANOSPY\u00d6R\u00c4 VVT EXHOAST, BMW N54B30 \/ N53B30 - IRP Nordic","isPartOf":{"@id":"https:\/\/irpnordic.com\/en\/#website"},"primaryImageOfPage":{"@id":"https:\/\/irpnordic.com\/kauppa\/vanospyora-vvt-exhoast-bmw-n54b30-n53b30\/#primaryimage"},"image":{"@id":"https:\/\/irpnordic.com\/kauppa\/vanospyora-vvt-exhoast-bmw-n54b30-n53b30\/#primaryimage"},"thumbnailUrl":"https:\/\/irpnordic.com\/wp-content\/uploads\/2023\/06\/bmw-n54-vanos-vvt-ex.png","datePublished":"2023-06-15T15:33:24+00:00","dateModified":"2025-10-09T12:41:33+00:00","description":"Pakonokan hammaspy\u00f6r\u00e4 BMW N54B30 \/ N53B30 -moottoreihin. S\u00e4\u00e4t\u00e4\u00e4 nokka-akselin ajoitusta ECU:n ohjaamana eri kierrosluvuilla.","breadcrumb":{"@id":"https:\/\/irpnordic.com\/kauppa\/vanospyora-vvt-exhoast-bmw-n54b30-n53b30\/#breadcrumb"},"inLanguage":"en-GB","potentialAction":[{"@type":"ReadAction","target":["https:\/\/irpnordic.com\/kauppa\/vanospyora-vvt-exhoast-bmw-n54b30-n53b30\/"]}]},{"@type":"ImageObject","inLanguage":"en-GB","@id":"https:\/\/irpnordic.com\/kauppa\/vanospyora-vvt-exhoast-bmw-n54b30-n53b30\/#primaryimage","url":"https:\/\/irpnordic.com\/wp-content\/uploads\/2023\/06\/bmw-n54-vanos-vvt-ex.png","contentUrl":"https:\/\/irpnordic.com\/wp-content\/uploads\/2023\/06\/bmw-n54-vanos-vvt-ex.png","width":800,"height":800,"caption":"VANOSPY\u00d6R\u00c4 VVT EXHAUST"},{"@type":"BreadcrumbList","@id":"https:\/\/irpnordic.com\/kauppa\/vanospyora-vvt-exhoast-bmw-n54b30-n53b30\/#breadcrumb","itemListElement":[{"@type":"ListItem","position":1,"name":"Etusivu","item":"https:\/\/irpnordic.com\/"},{"@type":"ListItem","position":2,"name":"Verkkokauppa","item":"https:\/\/irpnordic.com\/verkkokauppa\/"},{"@type":"ListItem","position":3,"name":"VANOSPY\u00d6R\u00c4 VVT EXHOAST, BMW N54B30 \/ N53B30"}]},{"@type":"WebSite","@id":"https:\/\/irpnordic.com\/en\/#website","url":"https:\/\/irpnordic.com\/en\/","name":"IRP Nordic","description":"Laadukkaat takom\u00e4nn\u00e4t,kiertokanget ja muut osat moottoriurheiluun","publisher":{"@id":"https:\/\/irpnordic.com\/en\/#organization"},"potentialAction":[{"@type":"SearchAction","target":{"@type":"EntryPoint","urlTemplate":"https:\/\/irpnordic.com\/en\/?s={search_term_string}"},"query-input":{"@type":"PropertyValueSpecification","valueRequired":true,"valueName":"search_term_string"}}],"inLanguage":"en-GB"},{"@type":"Organization","@id":"https:\/\/irpnordic.com\/en\/#organization","name":"IRP Nordic","url":"https:\/\/irpnordic.com\/en\/","logo":{"@type":"ImageObject","inLanguage":"en-GB","@id":"https:\/\/irpnordic.com\/en\/#\/schema\/logo\/image\/","url":"https:\/\/irpnordic.com\/wp-content\/uploads\/2023\/01\/IRPNordic_takomannat_kiertokanget_connectingrods_forgedpistongs_logo.png","contentUrl":"https:\/\/irpnordic.com\/wp-content\/uploads\/2023\/01\/IRPNordic_takomannat_kiertokanget_connectingrods_forgedpistongs_logo.png","width":1018,"height":198,"caption":"IRP Nordic"},"image":{"@id":"https:\/\/irpnordic.com\/en\/#\/schema\/logo\/image\/"},"sameAs":["https:\/\/www.facebook.com\/IRPNORDIC\/","https:\/\/www.instagram.com\/irpnordic","https:\/\/www.tiktok.com\/@irpnordic.com"]}]}},"_links":{"self":[{"href":"https:\/\/irpnordic.com\/en\/wp-json\/wp\/v2\/product\/916","targetHints":{"allow":["GET"]}}],"collection":[{"href":"https:\/\/irpnordic.com\/en\/wp-json\/wp\/v2\/product"}],"about":[{"href":"https:\/\/irpnordic.com\/en\/wp-json\/wp\/v2\/types\/product"}],"wp:featuredmedia":[{"embeddable":true,"href":"https:\/\/irpnordic.com\/en\/wp-json\/wp\/v2\/media\/1044"}],"wp:attachment":[{"href":"https:\/\/irpnordic.com\/en\/wp-json\/wp\/v2\/media?parent=916"}],"wp:term":[{"taxonomy":"product_brand","embeddable":true,"href":"https:\/\/irpnordic.com\/en\/wp-json\/wp\/v2\/product_brand?post=916"},{"taxonomy":"product_cat","embeddable":true,"href":"https:\/\/irpnordic.com\/en\/wp-json\/wp\/v2\/product_cat?post=916"},{"taxonomy":"product_tag","embeddable":true,"href":"https:\/\/irpnordic.com\/en\/wp-json\/wp\/v2\/product_tag?post=916"}],"curies":[{"name":"wp","href":"https:\/\/api.w.org\/{rel}","templated":true}]}}