{"id":926,"date":"2023-06-15T15:53:36","date_gmt":"2023-06-15T15:53:36","guid":{"rendered":"https:\/\/irpnordic.com\/?post_type=product&#038;p=926"},"modified":"2025-11-25T13:10:50","modified_gmt":"2025-11-25T13:10:50","slug":"bmw-s63b44-manta-oe","status":"publish","type":"product","link":"https:\/\/irpnordic.com\/en\/kauppa\/bmw-s63b44-manta-oe\/","title":{"rendered":"BMW S63B44 M\u00c4NT\u00c4 OE"},"content":{"rendered":"<p data-start=\"170\" data-end=\"374\">OE-laatuinset m\u00e4nn\u00e4t BMW S63B44 -moottoriin. M\u00e4nt\u00e4 on valettu alumiinista ja se vastaa moottorin alkuper\u00e4ist\u00e4 m\u00e4nt\u00e4\u00e4. Rakenne kest\u00e4\u00e4 normaalin k\u00e4ytt\u00f6kuormituksen ja soveltuu moottorin peruskunnostuksiin sek\u00e4 huoltoihin.<\/p>\n<p data-start=\"170\" data-end=\"374\">M\u00e4nt\u00e4 sopii suoraan alkuper\u00e4iseen kokoonpanoon, eik\u00e4 vaadi muutost\u00f6it\u00e4. Tuote on tarkoitettu huoltokorjauksiin, joissa halutaan s\u00e4ilytt\u00e4\u00e4 moottorin perusrakenne ja mitat.<\/p>\n<p data-start=\"376\" data-end=\"593\">S63B44-moottorissa on yhteens\u00e4 kahdeksan m\u00e4nt\u00e4\u00e4.<\/p>","protected":false},"excerpt":{"rendered":"<div><\/div>\n<div>\n<p><strong style=\"color: #333333; font-size: 14.4px;\">OE-laatuinen m\u00e4nt\u00e4 BMW S63B44 -moottoriin.<\/strong><\/p>\n<\/div>\n<div>\n<p>M\u00e4nn\u00e4t myyd\u00e4\u00e4n kappaleittain.<br \/>\nTarvitset m\u00e4nti\u00e4 8kpl S63B30 moottoriin.<br \/>\nSis\u00e4lt\u00e4\u00e4 m\u00e4nn\u00e4nrenkaat, lukot ja tapit.<br \/>\nM\u00e4nn\u00e4ntappi 22 mm.<br \/>\nKoko: 89.00mm<\/p>\n<\/div>","protected":false},"featured_media":927,"template":"","meta":[],"product_brand":[],"product_cat":[146,207,139,16,199,174],"product_tag":[],"class_list":{"0":"post-926","1":"product","2":"type-product","3":"status-publish","4":"has-post-thumbnail","6":"product_cat-bmw","7":"product_cat-mannat","8":"product_cat-oem-laatuiset-mannat","9":"product_cat-moottoreiden-viritysosat","10":"product_cat-s63","11":"product_cat-s63b44","13":"first","14":"instock","15":"featured","16":"taxable","17":"shipping-taxable","18":"purchasable","19":"product-type-simple"},"yoast_head":"<!-- This site is optimized with the Yoast SEO Premium plugin v27.5 (Yoast SEO v27.5) - https:\/\/yoast.com\/product\/yoast-seo-premium-wordpress\/ -->\n<title>BMW S63B44 M\u00c4NT\u00c4 OE - IRP Nordic<\/title>\n<meta name=\"description\" content=\"OE laatuinen m\u00e4nt\u00e4 moottorin huoltoon ja kunnostukseen. Myyd\u00e4\u00e4n kappaleittain, moottoriin tarvitaan m\u00e4nti\u00e4 8 kpl. Koko 89.00 mm.\" \/>\n<meta name=\"robots\" content=\"index, follow, max-snippet:-1, max-image-preview:large, max-video-preview:-1\" \/>\n<link rel=\"canonical\" href=\"https:\/\/irpnordic.com\/en\/kauppa\/bmw-s63b44-manta-oe\/\" \/>\n<meta property=\"og:locale\" content=\"en_GB\" \/>\n<meta property=\"og:type\" content=\"article\" \/>\n<meta property=\"og:title\" content=\"BMW S63B44 M\u00c4NT\u00c4 OE\" \/>\n<meta property=\"og:description\" content=\"OE laatuinen m\u00e4nt\u00e4 moottorin huoltoon ja kunnostukseen. Myyd\u00e4\u00e4n kappaleittain, moottoriin tarvitaan m\u00e4nti\u00e4 8 kpl. Koko 89.00 mm.\" \/>\n<meta property=\"og:url\" content=\"https:\/\/irpnordic.com\/en\/kauppa\/bmw-s63b44-manta-oe\/\" \/>\n<meta property=\"og:site_name\" content=\"IRP Nordic\" \/>\n<meta property=\"article:publisher\" content=\"https:\/\/www.facebook.com\/IRPNORDIC\/\" \/>\n<meta property=\"article:modified_time\" content=\"2025-11-25T13:10:50+00:00\" \/>\n<meta property=\"og:image\" content=\"https:\/\/irpnordic.com\/wp-content\/uploads\/2023\/06\/bmw_S63B44_manta_irpnordic_com_1-e1686908180600.png\" \/>\n\t<meta property=\"og:image:width\" content=\"800\" \/>\n\t<meta property=\"og:image:height\" content=\"800\" \/>\n\t<meta property=\"og:image:type\" content=\"image\/png\" \/>\n<meta name=\"twitter:card\" content=\"summary_large_image\" \/>\n<meta name=\"twitter:label1\" content=\"Estimated reading time\" \/>\n\t<meta name=\"twitter:data1\" content=\"1 minute\" \/>\n<script type=\"application\/ld+json\" class=\"yoast-schema-graph\">{\"@context\":\"https:\\\/\\\/schema.org\",\"@graph\":[{\"@type\":\"WebPage\",\"@id\":\"https:\\\/\\\/irpnordic.com\\\/kauppa\\\/bmw-s63b44-manta-oe\\\/\",\"url\":\"https:\\\/\\\/irpnordic.com\\\/kauppa\\\/bmw-s63b44-manta-oe\\\/\",\"name\":\"BMW S63B44 M\u00c4NT\u00c4 OE - IRP Nordic\",\"isPartOf\":{\"@id\":\"https:\\\/\\\/irpnordic.com\\\/en\\\/#website\"},\"primaryImageOfPage\":{\"@id\":\"https:\\\/\\\/irpnordic.com\\\/kauppa\\\/bmw-s63b44-manta-oe\\\/#primaryimage\"},\"image\":{\"@id\":\"https:\\\/\\\/irpnordic.com\\\/kauppa\\\/bmw-s63b44-manta-oe\\\/#primaryimage\"},\"thumbnailUrl\":\"https:\\\/\\\/irpnordic.com\\\/wp-content\\\/uploads\\\/2023\\\/06\\\/bmw_S63B44_manta_irpnordic_com_1-e1686908180600.png\",\"datePublished\":\"2023-06-15T15:53:36+00:00\",\"dateModified\":\"2025-11-25T13:10:50+00:00\",\"description\":\"OE laatuinen m\u00e4nt\u00e4 moottorin huoltoon ja kunnostukseen. Myyd\u00e4\u00e4n kappaleittain, moottoriin tarvitaan m\u00e4nti\u00e4 8 kpl. Koko 89.00 mm.\",\"breadcrumb\":{\"@id\":\"https:\\\/\\\/irpnordic.com\\\/kauppa\\\/bmw-s63b44-manta-oe\\\/#breadcrumb\"},\"inLanguage\":\"en-GB\",\"potentialAction\":[{\"@type\":\"ReadAction\",\"target\":[\"https:\\\/\\\/irpnordic.com\\\/kauppa\\\/bmw-s63b44-manta-oe\\\/\"]}]},{\"@type\":\"ImageObject\",\"inLanguage\":\"en-GB\",\"@id\":\"https:\\\/\\\/irpnordic.com\\\/kauppa\\\/bmw-s63b44-manta-oe\\\/#primaryimage\",\"url\":\"https:\\\/\\\/irpnordic.com\\\/wp-content\\\/uploads\\\/2023\\\/06\\\/bmw_S63B44_manta_irpnordic_com_1-e1686908180600.png\",\"contentUrl\":\"https:\\\/\\\/irpnordic.com\\\/wp-content\\\/uploads\\\/2023\\\/06\\\/bmw_S63B44_manta_irpnordic_com_1-e1686908180600.png\",\"width\":800,\"height\":800,\"caption\":\"BMW S63B44 OE m\u00e4nn\u00e4t.\"},{\"@type\":\"BreadcrumbList\",\"@id\":\"https:\\\/\\\/irpnordic.com\\\/kauppa\\\/bmw-s63b44-manta-oe\\\/#breadcrumb\",\"itemListElement\":[{\"@type\":\"ListItem\",\"position\":1,\"name\":\"Etusivu\",\"item\":\"https:\\\/\\\/irpnordic.com\\\/\"},{\"@type\":\"ListItem\",\"position\":2,\"name\":\"Verkkokauppa\",\"item\":\"https:\\\/\\\/irpnordic.com\\\/verkkokauppa\\\/\"},{\"@type\":\"ListItem\",\"position\":3,\"name\":\"BMW S63B44 M\u00c4NT\u00c4 OE\"}]},{\"@type\":\"WebSite\",\"@id\":\"https:\\\/\\\/irpnordic.com\\\/en\\\/#website\",\"url\":\"https:\\\/\\\/irpnordic.com\\\/en\\\/\",\"name\":\"IRP Nordic\",\"description\":\"Laadukkaat takom\u00e4nn\u00e4t,kiertokanget ja muut osat moottoriurheiluun\",\"publisher\":{\"@id\":\"https:\\\/\\\/irpnordic.com\\\/en\\\/#organization\"},\"potentialAction\":[{\"@type\":\"SearchAction\",\"target\":{\"@type\":\"EntryPoint\",\"urlTemplate\":\"https:\\\/\\\/irpnordic.com\\\/en\\\/?s={search_term_string}\"},\"query-input\":{\"@type\":\"PropertyValueSpecification\",\"valueRequired\":true,\"valueName\":\"search_term_string\"}}],\"inLanguage\":\"en-GB\"},{\"@type\":\"Organization\",\"@id\":\"https:\\\/\\\/irpnordic.com\\\/en\\\/#organization\",\"name\":\"IRP Nordic\",\"url\":\"https:\\\/\\\/irpnordic.com\\\/en\\\/\",\"logo\":{\"@type\":\"ImageObject\",\"inLanguage\":\"en-GB\",\"@id\":\"https:\\\/\\\/irpnordic.com\\\/en\\\/#\\\/schema\\\/logo\\\/image\\\/\",\"url\":\"https:\\\/\\\/irpnordic.com\\\/wp-content\\\/uploads\\\/2023\\\/01\\\/IRPNordic_takomannat_kiertokanget_connectingrods_forgedpistongs_logo.png\",\"contentUrl\":\"https:\\\/\\\/irpnordic.com\\\/wp-content\\\/uploads\\\/2023\\\/01\\\/IRPNordic_takomannat_kiertokanget_connectingrods_forgedpistongs_logo.png\",\"width\":1018,\"height\":198,\"caption\":\"IRP Nordic\"},\"image\":{\"@id\":\"https:\\\/\\\/irpnordic.com\\\/en\\\/#\\\/schema\\\/logo\\\/image\\\/\"},\"sameAs\":[\"https:\\\/\\\/www.facebook.com\\\/IRPNORDIC\\\/\",\"https:\\\/\\\/www.instagram.com\\\/irpnordic\",\"https:\\\/\\\/www.tiktok.com\\\/@irpnordic.com\"]}]}<\/script>\n<!-- \/ Yoast SEO Premium plugin. -->","yoast_head_json":{"title":"BMW S63B44 M\u00c4NT\u00c4 OE - IRP Nordic","description":"OE laatuinen m\u00e4nt\u00e4 moottorin huoltoon ja kunnostukseen. Myyd\u00e4\u00e4n kappaleittain, moottoriin tarvitaan m\u00e4nti\u00e4 8 kpl. Koko 89.00 mm.","robots":{"index":"index","follow":"follow","max-snippet":"max-snippet:-1","max-image-preview":"max-image-preview:large","max-video-preview":"max-video-preview:-1"},"canonical":"https:\/\/irpnordic.com\/en\/kauppa\/bmw-s63b44-manta-oe\/","og_locale":"en_GB","og_type":"article","og_title":"BMW S63B44 M\u00c4NT\u00c4 OE","og_description":"OE laatuinen m\u00e4nt\u00e4 moottorin huoltoon ja kunnostukseen. Myyd\u00e4\u00e4n kappaleittain, moottoriin tarvitaan m\u00e4nti\u00e4 8 kpl. Koko 89.00 mm.","og_url":"https:\/\/irpnordic.com\/en\/kauppa\/bmw-s63b44-manta-oe\/","og_site_name":"IRP Nordic","article_publisher":"https:\/\/www.facebook.com\/IRPNORDIC\/","article_modified_time":"2025-11-25T13:10:50+00:00","og_image":[{"width":800,"height":800,"url":"https:\/\/irpnordic.com\/wp-content\/uploads\/2023\/06\/bmw_S63B44_manta_irpnordic_com_1-e1686908180600.png","type":"image\/png"}],"twitter_card":"summary_large_image","twitter_misc":{"Estimated reading time":"1 minute"},"schema":{"@context":"https:\/\/schema.org","@graph":[{"@type":"WebPage","@id":"https:\/\/irpnordic.com\/kauppa\/bmw-s63b44-manta-oe\/","url":"https:\/\/irpnordic.com\/kauppa\/bmw-s63b44-manta-oe\/","name":"BMW S63B44 M\u00c4NT\u00c4 OE - IRP Nordic","isPartOf":{"@id":"https:\/\/irpnordic.com\/en\/#website"},"primaryImageOfPage":{"@id":"https:\/\/irpnordic.com\/kauppa\/bmw-s63b44-manta-oe\/#primaryimage"},"image":{"@id":"https:\/\/irpnordic.com\/kauppa\/bmw-s63b44-manta-oe\/#primaryimage"},"thumbnailUrl":"https:\/\/irpnordic.com\/wp-content\/uploads\/2023\/06\/bmw_S63B44_manta_irpnordic_com_1-e1686908180600.png","datePublished":"2023-06-15T15:53:36+00:00","dateModified":"2025-11-25T13:10:50+00:00","description":"OE laatuinen m\u00e4nt\u00e4 moottorin huoltoon ja kunnostukseen. Myyd\u00e4\u00e4n kappaleittain, moottoriin tarvitaan m\u00e4nti\u00e4 8 kpl. Koko 89.00 mm.","breadcrumb":{"@id":"https:\/\/irpnordic.com\/kauppa\/bmw-s63b44-manta-oe\/#breadcrumb"},"inLanguage":"en-GB","potentialAction":[{"@type":"ReadAction","target":["https:\/\/irpnordic.com\/kauppa\/bmw-s63b44-manta-oe\/"]}]},{"@type":"ImageObject","inLanguage":"en-GB","@id":"https:\/\/irpnordic.com\/kauppa\/bmw-s63b44-manta-oe\/#primaryimage","url":"https:\/\/irpnordic.com\/wp-content\/uploads\/2023\/06\/bmw_S63B44_manta_irpnordic_com_1-e1686908180600.png","contentUrl":"https:\/\/irpnordic.com\/wp-content\/uploads\/2023\/06\/bmw_S63B44_manta_irpnordic_com_1-e1686908180600.png","width":800,"height":800,"caption":"BMW S63B44 OE m\u00e4nn\u00e4t."},{"@type":"BreadcrumbList","@id":"https:\/\/irpnordic.com\/kauppa\/bmw-s63b44-manta-oe\/#breadcrumb","itemListElement":[{"@type":"ListItem","position":1,"name":"Etusivu","item":"https:\/\/irpnordic.com\/"},{"@type":"ListItem","position":2,"name":"Verkkokauppa","item":"https:\/\/irpnordic.com\/verkkokauppa\/"},{"@type":"ListItem","position":3,"name":"BMW S63B44 M\u00c4NT\u00c4 OE"}]},{"@type":"WebSite","@id":"https:\/\/irpnordic.com\/en\/#website","url":"https:\/\/irpnordic.com\/en\/","name":"IRP Nordic","description":"Laadukkaat takom\u00e4nn\u00e4t,kiertokanget ja muut osat moottoriurheiluun","publisher":{"@id":"https:\/\/irpnordic.com\/en\/#organization"},"potentialAction":[{"@type":"SearchAction","target":{"@type":"EntryPoint","urlTemplate":"https:\/\/irpnordic.com\/en\/?s={search_term_string}"},"query-input":{"@type":"PropertyValueSpecification","valueRequired":true,"valueName":"search_term_string"}}],"inLanguage":"en-GB"},{"@type":"Organization","@id":"https:\/\/irpnordic.com\/en\/#organization","name":"IRP Nordic","url":"https:\/\/irpnordic.com\/en\/","logo":{"@type":"ImageObject","inLanguage":"en-GB","@id":"https:\/\/irpnordic.com\/en\/#\/schema\/logo\/image\/","url":"https:\/\/irpnordic.com\/wp-content\/uploads\/2023\/01\/IRPNordic_takomannat_kiertokanget_connectingrods_forgedpistongs_logo.png","contentUrl":"https:\/\/irpnordic.com\/wp-content\/uploads\/2023\/01\/IRPNordic_takomannat_kiertokanget_connectingrods_forgedpistongs_logo.png","width":1018,"height":198,"caption":"IRP Nordic"},"image":{"@id":"https:\/\/irpnordic.com\/en\/#\/schema\/logo\/image\/"},"sameAs":["https:\/\/www.facebook.com\/IRPNORDIC\/","https:\/\/www.instagram.com\/irpnordic","https:\/\/www.tiktok.com\/@irpnordic.com"]}]}},"_links":{"self":[{"href":"https:\/\/irpnordic.com\/en\/wp-json\/wp\/v2\/product\/926","targetHints":{"allow":["GET"]}}],"collection":[{"href":"https:\/\/irpnordic.com\/en\/wp-json\/wp\/v2\/product"}],"about":[{"href":"https:\/\/irpnordic.com\/en\/wp-json\/wp\/v2\/types\/product"}],"wp:featuredmedia":[{"embeddable":true,"href":"https:\/\/irpnordic.com\/en\/wp-json\/wp\/v2\/media\/927"}],"wp:attachment":[{"href":"https:\/\/irpnordic.com\/en\/wp-json\/wp\/v2\/media?parent=926"}],"wp:term":[{"taxonomy":"product_brand","embeddable":true,"href":"https:\/\/irpnordic.com\/en\/wp-json\/wp\/v2\/product_brand?post=926"},{"taxonomy":"product_cat","embeddable":true,"href":"https:\/\/irpnordic.com\/en\/wp-json\/wp\/v2\/product_cat?post=926"},{"taxonomy":"product_tag","embeddable":true,"href":"https:\/\/irpnordic.com\/en\/wp-json\/wp\/v2\/product_tag?post=926"}],"curies":[{"name":"wp","href":"https:\/\/api.w.org\/{rel}","templated":true}]}}