{"id":935,"date":"2023-06-15T16:18:02","date_gmt":"2023-06-15T16:18:02","guid":{"rendered":"https:\/\/irpnordic.com\/?post_type=product&#038;p=935"},"modified":"2025-11-25T12:14:00","modified_gmt":"2025-11-25T12:14:00","slug":"irp-takomantasarja-bmw-n54b30","status":"publish","type":"product","link":"https:\/\/irpnordic.com\/en\/kauppa\/irp-takomantasarja-bmw-n54b30\/","title":{"rendered":"IRP FORGED PISTONS, BMW N54B30"},"content":{"rendered":"<div>\n<p><strong>IRP takom\u00e4nt\u00e4sarja parantaa BMW N54B30 -moottorisi suorituskyky\u00e4 ja kest\u00e4vyytt\u00e4.<\/strong><\/p>\n<\/div>\n<div>\n<p style=\"font-weight: 400;\"><strong><a href=\"https:\/\/irpnordic.com\/en\/\">ItalianRP<\/a><\/strong> takom\u00e4nniss\u00e4 yhdistyv\u00e4t optimoitu muotoilu ja ainutlaatuinen kest\u00e4vyys. Vapaasti hengitt\u00e4viss\u00e4 moottoreissa puristussuhdetta voidaan nostaa korkeampilakisilla takom\u00e4nnill\u00e4. Turbomoottoreissa puristussuhdetta voidaan jopa pienent\u00e4\u00e4. Kun tavoitteena on lis\u00e4t\u00e4 auton tehoa, erityisesti moottoriurheilussa, on takom\u00e4nn\u00e4n vaihto suositeltavaa. Takom\u00e4nn\u00e4t kest\u00e4v\u00e4t huomattavia iskuja, korkeita l\u00e4mp\u00f6tiloja ja kovaa painetta \u2013 ominaisuuksia, jotka ovat t\u00e4rkeit\u00e4 moottorin tehokkuuden ja kest\u00e4vyyden kannalta.<\/p>\n<div>\n<p><strong><a href=\"https:\/\/italianrp.it\">ItalianRP<\/a> valmistamat huippulaadukkaat tuotteet<\/strong><br \/>\nValikoimamme ytimess\u00e4 ovat ItalianRP:n valmistamat takom\u00e4nn\u00e4t, takokiertokanget ja kytkimet. ItalianRP k\u00e4ytt\u00e4\u00e4 uusimman sukupolven 5-akselisia CNC-koneita, jotka takaavat teollisuus 4.0 -standardin mukaisen laadun ja tarkkuuden. N\u00e4iden tuotteiden valmistusprosessi yhdist\u00e4\u00e4 huippumodernin teknologian ja tarkasti valitut materiaalit.<\/p>\n<h4><strong><a href=\"https:\/\/irpnordic.com\/en\/product-category\/takomannat\/\">Forged pistons<\/a><\/strong><\/h4>\n<p>ItalianRP:n takom\u00e4nn\u00e4t valmistetaan 2618-takoalumiinista, joka kest\u00e4\u00e4 \u00e4\u00e4rimm\u00e4isi\u00e4 rasituksia.<\/p>\n<ul>\n<li>Kevyt rakenne saavutetaan tarkalla koneistuksella, joka optimoi m\u00e4nn\u00e4n painon.<\/li>\n<li>Alumiiniseos kest\u00e4\u00e4 voimakkaita iskuja, korkeita l\u00e4mp\u00f6tiloja ja suuria paineita, mik\u00e4 tekee niist\u00e4 t\u00e4ydelliset moottoriurheiluk\u00e4ytt\u00f6\u00f6n.<\/li>\n<\/ul>\n<h4><strong><a href=\"https:\/\/irpnordic.com\/en\/product-category\/kiertokanget\/\">Takokiertokanget<\/a><\/strong><\/h4>\n<p>ItalianRP:n takokiertokanget valmistetaan kest\u00e4v\u00e4st\u00e4 nuorrutuster\u00e4ksest\u00e4.<\/p>\n<ul>\n<li><strong>Silver- ja Gold-sarjat<\/strong>: Valmistettu 34CrNiM06-ter\u00e4ksest\u00e4, joka yhdist\u00e4\u00e4 keveyden ja kest\u00e4vyyden.<\/li>\n<li><strong>Platinum-sarjat<\/strong>: Valmistettu 35NCD16-ter\u00e4ksest\u00e4, joka kest\u00e4\u00e4 \u00e4\u00e4rimm\u00e4isi\u00e4 olosuhteita.<\/li>\n<\/ul>\n<p>Kiertokanget ovat suunniteltu kest\u00e4m\u00e4\u00e4n kovia iskuja, korkeita l\u00e4mp\u00f6tiloja ja paineita, joita syntyy moottorin virityksess\u00e4. Ne tarjoavat suorituskyvyn, joka ylitt\u00e4\u00e4 useimmat markkinoilla olevat vaihtoehdot.<\/p>\n<p>&nbsp;<\/p>\n<div>\n<div>\n<p class=\"entry-title\">\n<\/div>\n<\/div>\n<\/div>\n<\/div>","protected":false},"excerpt":{"rendered":"<p><strong>IRP Takom\u00e4ntasarjan vaihtoehdot:<\/strong><\/p>\n<ul>\n<li><strong>Silver 1779\u20ac \u00a0<\/strong><\/li>\n<li><strong>Gold 2179\u20ac <\/strong><\/li>\n<li><strong>Platinum 3079\u20ac<\/strong><\/li>\n<\/ul>\n<p><b>M\u00e4nt\u00e4sarja sis\u00e4lt\u00e4\u00e4:<\/b><\/p>\n<div>\n<ul>\n<li><strong>6 kpl takom\u00e4nti\u00e4<\/strong><\/li>\n<li><strong>6 kpl m\u00e4nn\u00e4ntappeja<\/strong>, <strong>12 kpl lukkorenkaita<\/strong> ja <strong>t\u00e4ydellinen m\u00e4nn\u00e4nrengassarja<\/strong><\/li>\n<\/ul>\n<h4><strong>Tekniset tiedot:<\/strong><\/h4>\n<ul>\n<li><strong>Moottorin tilavuus:<\/strong> 3000 cm\u00b3<\/li>\n<li><strong>Poraukset (mm):<\/strong> 84.00 \/ 84.50<\/li>\n<li><strong>Puristussuhde:<\/strong> 9.20:1<\/li>\n<li><strong>Iskun pituus:<\/strong> OEM<\/li>\n<li><strong>Puristuskorkeus:<\/strong> OEM<\/li>\n<li><strong>Lukot:<\/strong> CIRP22<\/li>\n<li><strong>Sopii kuusisylinterisiin moottoreihin (6 kpl m\u00e4nti\u00e4)<\/strong><\/li>\n<li><strong><span style=\"color: #555555; font-size: 14.4px;\">Tuotekuvat GOLD takom\u00e4nnist\u00e4<\/span><\/strong><\/li>\n<\/ul>\n<h4><strong>Toimitusaika 30-60 p\u00e4iv\u00e4\u00e4.<\/strong><\/h4>\n<p><a href=\"https:\/\/irpnordic.com\/en\/product-category\/takomannat\/\">IRP-takom\u00e4nn\u00e4t<\/a>, \u2013<a href=\"https:\/\/irpnordic.com\/en\/product-category\/kiertokanget\/\">kiertokanget<\/a> ja <a href=\"https:\/\/irpnordic.com\/en\/product-category\/irp-kytkimet\/\">kytkimet<\/a> on suunniteltu moottoriurheiluun ja viritysk\u00e4ytt\u00f6\u00f6n. ItalianRP tuotteet tukevat moottorin tehokasta viritt\u00e4mist\u00e4 ja kest\u00e4v\u00e4t vakio-osia huomattavasti paremmin moottoriin kohdistuvat rasitukset.<\/p>\n<p><strong>Tilaa IRP takom\u00e4nt\u00e4sarja ja nosta BMW N54B30-moottorisi suorituskyky uudelle tasolle!<\/strong><\/p>\n<\/div>","protected":false},"featured_media":937,"template":"","meta":[],"product_brand":[],"product_cat":[146,137,207,16,175,172],"product_tag":[],"class_list":{"0":"post-935","1":"product","2":"type-product","3":"status-publish","4":"has-post-thumbnail","6":"product_cat-bmw","7":"product_cat-takomannat","8":"product_cat-mannat","9":"product_cat-moottoreiden-viritysosat","10":"product_cat-n54","11":"product_cat-n54b30","13":"first","14":"instock","15":"featured","16":"taxable","17":"shipping-taxable","18":"purchasable","19":"product-type-variable"},"yoast_head":"<!-- This site is optimized with the Yoast SEO Premium plugin v27.5 (Yoast SEO v27.5) - https:\/\/yoast.com\/product\/yoast-seo-premium-wordpress\/ -->\n<title>IRP TAKOM\u00c4NT\u00c4SARJA, BMW N54B30 - IRP Nordic<\/title>\n<meta name=\"description\" content=\"IRP takom\u00e4nt\u00e4sarja BMW N54B30 -moottoreille. Valmistettu kest\u00e4v\u00e4st\u00e4 2618 takoalumiinista, joka kest\u00e4\u00e4 korkeat l\u00e4mp\u00f6tilat ja paineet. Optimoitu keveys ja suorituskyky motorsport-k\u00e4ytt\u00f6\u00f6n.\" \/>\n<meta name=\"robots\" content=\"index, follow, max-snippet:-1, max-image-preview:large, max-video-preview:-1\" \/>\n<link rel=\"canonical\" href=\"https:\/\/irpnordic.com\/en\/kauppa\/irp-takomantasarja-bmw-n54b30\/\" \/>\n<meta property=\"og:locale\" content=\"en_GB\" \/>\n<meta property=\"og:type\" content=\"article\" \/>\n<meta property=\"og:title\" content=\"IRP TAKOM\u00c4NT\u00c4SARJA, BMW N54B30\" \/>\n<meta property=\"og:description\" content=\"IRP takom\u00e4nt\u00e4sarja BMW N54B30 -moottoreille. Valmistettu kest\u00e4v\u00e4st\u00e4 2618 takoalumiinista, joka kest\u00e4\u00e4 korkeat l\u00e4mp\u00f6tilat ja paineet. Optimoitu keveys ja suorituskyky motorsport-k\u00e4ytt\u00f6\u00f6n.\" \/>\n<meta property=\"og:url\" content=\"https:\/\/irpnordic.com\/en\/kauppa\/irp-takomantasarja-bmw-n54b30\/\" \/>\n<meta property=\"og:site_name\" content=\"IRP Nordic\" \/>\n<meta property=\"article:publisher\" content=\"https:\/\/www.facebook.com\/IRPNORDIC\/\" \/>\n<meta property=\"article:modified_time\" content=\"2025-11-25T12:14:00+00:00\" \/>\n<meta property=\"og:image\" content=\"https:\/\/irpnordic.com\/wp-content\/uploads\/2023\/06\/BMW_N54B30_mantasarja_irpnordic_com_1.png\" \/>\n\t<meta property=\"og:image:width\" content=\"800\" \/>\n\t<meta property=\"og:image:height\" content=\"800\" \/>\n\t<meta property=\"og:image:type\" content=\"image\/png\" \/>\n<meta name=\"twitter:card\" content=\"summary_large_image\" \/>\n<meta name=\"twitter:label1\" content=\"Estimated reading time\" \/>\n\t<meta name=\"twitter:data1\" content=\"2 minutes\" \/>\n<script type=\"application\/ld+json\" class=\"yoast-schema-graph\">{\"@context\":\"https:\\\/\\\/schema.org\",\"@graph\":[{\"@type\":\"WebPage\",\"@id\":\"https:\\\/\\\/irpnordic.com\\\/kauppa\\\/irp-takomantasarja-bmw-n54b30\\\/\",\"url\":\"https:\\\/\\\/irpnordic.com\\\/kauppa\\\/irp-takomantasarja-bmw-n54b30\\\/\",\"name\":\"IRP TAKOM\u00c4NT\u00c4SARJA, BMW N54B30 - IRP Nordic\",\"isPartOf\":{\"@id\":\"https:\\\/\\\/irpnordic.com\\\/en\\\/#website\"},\"primaryImageOfPage\":{\"@id\":\"https:\\\/\\\/irpnordic.com\\\/kauppa\\\/irp-takomantasarja-bmw-n54b30\\\/#primaryimage\"},\"image\":{\"@id\":\"https:\\\/\\\/irpnordic.com\\\/kauppa\\\/irp-takomantasarja-bmw-n54b30\\\/#primaryimage\"},\"thumbnailUrl\":\"https:\\\/\\\/irpnordic.com\\\/wp-content\\\/uploads\\\/2023\\\/06\\\/BMW_N54B30_mantasarja_irpnordic_com_1.png\",\"datePublished\":\"2023-06-15T16:18:02+00:00\",\"dateModified\":\"2025-11-25T12:14:00+00:00\",\"description\":\"IRP takom\u00e4nt\u00e4sarja BMW N54B30 -moottoreille. Valmistettu kest\u00e4v\u00e4st\u00e4 2618 takoalumiinista, joka kest\u00e4\u00e4 korkeat l\u00e4mp\u00f6tilat ja paineet. Optimoitu keveys ja suorituskyky motorsport-k\u00e4ytt\u00f6\u00f6n.\",\"breadcrumb\":{\"@id\":\"https:\\\/\\\/irpnordic.com\\\/kauppa\\\/irp-takomantasarja-bmw-n54b30\\\/#breadcrumb\"},\"inLanguage\":\"en-GB\",\"potentialAction\":[{\"@type\":\"ReadAction\",\"target\":[\"https:\\\/\\\/irpnordic.com\\\/kauppa\\\/irp-takomantasarja-bmw-n54b30\\\/\"]}]},{\"@type\":\"ImageObject\",\"inLanguage\":\"en-GB\",\"@id\":\"https:\\\/\\\/irpnordic.com\\\/kauppa\\\/irp-takomantasarja-bmw-n54b30\\\/#primaryimage\",\"url\":\"https:\\\/\\\/irpnordic.com\\\/wp-content\\\/uploads\\\/2023\\\/06\\\/BMW_N54B30_mantasarja_irpnordic_com_1.png\",\"contentUrl\":\"https:\\\/\\\/irpnordic.com\\\/wp-content\\\/uploads\\\/2023\\\/06\\\/BMW_N54B30_mantasarja_irpnordic_com_1.png\",\"width\":800,\"height\":800,\"caption\":\"IRP m\u00e4nt\u00e4sarja motorsport ja viritys k\u00e4ytt\u00f6\u00f6n.\"},{\"@type\":\"BreadcrumbList\",\"@id\":\"https:\\\/\\\/irpnordic.com\\\/kauppa\\\/irp-takomantasarja-bmw-n54b30\\\/#breadcrumb\",\"itemListElement\":[{\"@type\":\"ListItem\",\"position\":1,\"name\":\"Etusivu\",\"item\":\"https:\\\/\\\/irpnordic.com\\\/\"},{\"@type\":\"ListItem\",\"position\":2,\"name\":\"Verkkokauppa\",\"item\":\"https:\\\/\\\/irpnordic.com\\\/verkkokauppa\\\/\"},{\"@type\":\"ListItem\",\"position\":3,\"name\":\"IRP TAKOM\u00c4NT\u00c4SARJA, BMW N54B30\"}]},{\"@type\":\"WebSite\",\"@id\":\"https:\\\/\\\/irpnordic.com\\\/en\\\/#website\",\"url\":\"https:\\\/\\\/irpnordic.com\\\/en\\\/\",\"name\":\"IRP Nordic\",\"description\":\"Laadukkaat takom\u00e4nn\u00e4t,kiertokanget ja muut osat moottoriurheiluun\",\"publisher\":{\"@id\":\"https:\\\/\\\/irpnordic.com\\\/en\\\/#organization\"},\"potentialAction\":[{\"@type\":\"SearchAction\",\"target\":{\"@type\":\"EntryPoint\",\"urlTemplate\":\"https:\\\/\\\/irpnordic.com\\\/en\\\/?s={search_term_string}\"},\"query-input\":{\"@type\":\"PropertyValueSpecification\",\"valueRequired\":true,\"valueName\":\"search_term_string\"}}],\"inLanguage\":\"en-GB\"},{\"@type\":\"Organization\",\"@id\":\"https:\\\/\\\/irpnordic.com\\\/en\\\/#organization\",\"name\":\"IRP Nordic\",\"url\":\"https:\\\/\\\/irpnordic.com\\\/en\\\/\",\"logo\":{\"@type\":\"ImageObject\",\"inLanguage\":\"en-GB\",\"@id\":\"https:\\\/\\\/irpnordic.com\\\/en\\\/#\\\/schema\\\/logo\\\/image\\\/\",\"url\":\"https:\\\/\\\/irpnordic.com\\\/wp-content\\\/uploads\\\/2023\\\/01\\\/IRPNordic_takomannat_kiertokanget_connectingrods_forgedpistongs_logo.png\",\"contentUrl\":\"https:\\\/\\\/irpnordic.com\\\/wp-content\\\/uploads\\\/2023\\\/01\\\/IRPNordic_takomannat_kiertokanget_connectingrods_forgedpistongs_logo.png\",\"width\":1018,\"height\":198,\"caption\":\"IRP Nordic\"},\"image\":{\"@id\":\"https:\\\/\\\/irpnordic.com\\\/en\\\/#\\\/schema\\\/logo\\\/image\\\/\"},\"sameAs\":[\"https:\\\/\\\/www.facebook.com\\\/IRPNORDIC\\\/\",\"https:\\\/\\\/www.instagram.com\\\/irpnordic\",\"https:\\\/\\\/www.tiktok.com\\\/@irpnordic.com\"]}]}<\/script>\n<!-- \/ Yoast SEO Premium plugin. -->","yoast_head_json":{"title":"IRP TAKOM\u00c4NT\u00c4SARJA, BMW N54B30 - IRP Nordic","description":"IRP takom\u00e4nt\u00e4sarja BMW N54B30 -moottoreille. Valmistettu kest\u00e4v\u00e4st\u00e4 2618 takoalumiinista, joka kest\u00e4\u00e4 korkeat l\u00e4mp\u00f6tilat ja paineet. Optimoitu keveys ja suorituskyky motorsport-k\u00e4ytt\u00f6\u00f6n.","robots":{"index":"index","follow":"follow","max-snippet":"max-snippet:-1","max-image-preview":"max-image-preview:large","max-video-preview":"max-video-preview:-1"},"canonical":"https:\/\/irpnordic.com\/en\/kauppa\/irp-takomantasarja-bmw-n54b30\/","og_locale":"en_GB","og_type":"article","og_title":"IRP TAKOM\u00c4NT\u00c4SARJA, BMW N54B30","og_description":"IRP takom\u00e4nt\u00e4sarja BMW N54B30 -moottoreille. Valmistettu kest\u00e4v\u00e4st\u00e4 2618 takoalumiinista, joka kest\u00e4\u00e4 korkeat l\u00e4mp\u00f6tilat ja paineet. Optimoitu keveys ja suorituskyky motorsport-k\u00e4ytt\u00f6\u00f6n.","og_url":"https:\/\/irpnordic.com\/en\/kauppa\/irp-takomantasarja-bmw-n54b30\/","og_site_name":"IRP Nordic","article_publisher":"https:\/\/www.facebook.com\/IRPNORDIC\/","article_modified_time":"2025-11-25T12:14:00+00:00","og_image":[{"width":800,"height":800,"url":"https:\/\/irpnordic.com\/wp-content\/uploads\/2023\/06\/BMW_N54B30_mantasarja_irpnordic_com_1.png","type":"image\/png"}],"twitter_card":"summary_large_image","twitter_misc":{"Estimated reading time":"2 minutes"},"schema":{"@context":"https:\/\/schema.org","@graph":[{"@type":"WebPage","@id":"https:\/\/irpnordic.com\/kauppa\/irp-takomantasarja-bmw-n54b30\/","url":"https:\/\/irpnordic.com\/kauppa\/irp-takomantasarja-bmw-n54b30\/","name":"IRP TAKOM\u00c4NT\u00c4SARJA, BMW N54B30 - IRP Nordic","isPartOf":{"@id":"https:\/\/irpnordic.com\/en\/#website"},"primaryImageOfPage":{"@id":"https:\/\/irpnordic.com\/kauppa\/irp-takomantasarja-bmw-n54b30\/#primaryimage"},"image":{"@id":"https:\/\/irpnordic.com\/kauppa\/irp-takomantasarja-bmw-n54b30\/#primaryimage"},"thumbnailUrl":"https:\/\/irpnordic.com\/wp-content\/uploads\/2023\/06\/BMW_N54B30_mantasarja_irpnordic_com_1.png","datePublished":"2023-06-15T16:18:02+00:00","dateModified":"2025-11-25T12:14:00+00:00","description":"IRP takom\u00e4nt\u00e4sarja BMW N54B30 -moottoreille. Valmistettu kest\u00e4v\u00e4st\u00e4 2618 takoalumiinista, joka kest\u00e4\u00e4 korkeat l\u00e4mp\u00f6tilat ja paineet. Optimoitu keveys ja suorituskyky motorsport-k\u00e4ytt\u00f6\u00f6n.","breadcrumb":{"@id":"https:\/\/irpnordic.com\/kauppa\/irp-takomantasarja-bmw-n54b30\/#breadcrumb"},"inLanguage":"en-GB","potentialAction":[{"@type":"ReadAction","target":["https:\/\/irpnordic.com\/kauppa\/irp-takomantasarja-bmw-n54b30\/"]}]},{"@type":"ImageObject","inLanguage":"en-GB","@id":"https:\/\/irpnordic.com\/kauppa\/irp-takomantasarja-bmw-n54b30\/#primaryimage","url":"https:\/\/irpnordic.com\/wp-content\/uploads\/2023\/06\/BMW_N54B30_mantasarja_irpnordic_com_1.png","contentUrl":"https:\/\/irpnordic.com\/wp-content\/uploads\/2023\/06\/BMW_N54B30_mantasarja_irpnordic_com_1.png","width":800,"height":800,"caption":"IRP m\u00e4nt\u00e4sarja motorsport ja viritys k\u00e4ytt\u00f6\u00f6n."},{"@type":"BreadcrumbList","@id":"https:\/\/irpnordic.com\/kauppa\/irp-takomantasarja-bmw-n54b30\/#breadcrumb","itemListElement":[{"@type":"ListItem","position":1,"name":"Etusivu","item":"https:\/\/irpnordic.com\/"},{"@type":"ListItem","position":2,"name":"Verkkokauppa","item":"https:\/\/irpnordic.com\/verkkokauppa\/"},{"@type":"ListItem","position":3,"name":"IRP TAKOM\u00c4NT\u00c4SARJA, BMW N54B30"}]},{"@type":"WebSite","@id":"https:\/\/irpnordic.com\/en\/#website","url":"https:\/\/irpnordic.com\/en\/","name":"IRP Nordic","description":"Laadukkaat takom\u00e4nn\u00e4t,kiertokanget ja muut osat moottoriurheiluun","publisher":{"@id":"https:\/\/irpnordic.com\/en\/#organization"},"potentialAction":[{"@type":"SearchAction","target":{"@type":"EntryPoint","urlTemplate":"https:\/\/irpnordic.com\/en\/?s={search_term_string}"},"query-input":{"@type":"PropertyValueSpecification","valueRequired":true,"valueName":"search_term_string"}}],"inLanguage":"en-GB"},{"@type":"Organization","@id":"https:\/\/irpnordic.com\/en\/#organization","name":"IRP Nordic","url":"https:\/\/irpnordic.com\/en\/","logo":{"@type":"ImageObject","inLanguage":"en-GB","@id":"https:\/\/irpnordic.com\/en\/#\/schema\/logo\/image\/","url":"https:\/\/irpnordic.com\/wp-content\/uploads\/2023\/01\/IRPNordic_takomannat_kiertokanget_connectingrods_forgedpistongs_logo.png","contentUrl":"https:\/\/irpnordic.com\/wp-content\/uploads\/2023\/01\/IRPNordic_takomannat_kiertokanget_connectingrods_forgedpistongs_logo.png","width":1018,"height":198,"caption":"IRP Nordic"},"image":{"@id":"https:\/\/irpnordic.com\/en\/#\/schema\/logo\/image\/"},"sameAs":["https:\/\/www.facebook.com\/IRPNORDIC\/","https:\/\/www.instagram.com\/irpnordic","https:\/\/www.tiktok.com\/@irpnordic.com"]}]}},"_links":{"self":[{"href":"https:\/\/irpnordic.com\/en\/wp-json\/wp\/v2\/product\/935","targetHints":{"allow":["GET"]}}],"collection":[{"href":"https:\/\/irpnordic.com\/en\/wp-json\/wp\/v2\/product"}],"about":[{"href":"https:\/\/irpnordic.com\/en\/wp-json\/wp\/v2\/types\/product"}],"wp:featuredmedia":[{"embeddable":true,"href":"https:\/\/irpnordic.com\/en\/wp-json\/wp\/v2\/media\/937"}],"wp:attachment":[{"href":"https:\/\/irpnordic.com\/en\/wp-json\/wp\/v2\/media?parent=935"}],"wp:term":[{"taxonomy":"product_brand","embeddable":true,"href":"https:\/\/irpnordic.com\/en\/wp-json\/wp\/v2\/product_brand?post=935"},{"taxonomy":"product_cat","embeddable":true,"href":"https:\/\/irpnordic.com\/en\/wp-json\/wp\/v2\/product_cat?post=935"},{"taxonomy":"product_tag","embeddable":true,"href":"https:\/\/irpnordic.com\/en\/wp-json\/wp\/v2\/product_tag?post=935"}],"curies":[{"name":"wp","href":"https:\/\/api.w.org\/{rel}","templated":true}]}}